{"id":97,"date":"2016-10-01T12:36:33","date_gmt":"2016-10-01T18:36:33","guid":{"rendered":"http:\/\/www.unipro.org.mx\/?page_id=97"},"modified":"2016-10-03T14:06:57","modified_gmt":"2016-10-03T20:06:57","slug":"medio-ambiente","status":"publish","type":"page","link":"https:\/\/unipro.org.mx\/site\/?page_id=97","title":{"rendered":"Medio Ambiente"},"content":{"rendered":"<p>[vc_row type=&#8221;vc_default&#8221; full_width=&#8221;stretch_row_content_no_spaces&#8221; bg_type=&#8221;image&#8221; parallax_style=&#8221;vcpb-default&#8221; bg_image_new=&#8221;id^100|url^https:\/\/unipro.org.mx\/site\/wp-content\/uploads\/2016\/10\/medio-ambiente01.jpg|caption^null|alt^null|title^medio-ambiente01|description^null&#8221; bg_img_attach=&#8221;fixed&#8221;][vc_column][vc_row_inner][vc_column_inner width=&#8221;1\/2&#8243;][\/vc_column_inner][vc_column_inner width=&#8221;1\/2&#8243;]<div class=\"aio-icon-component    style_1\"><div id=\"Info-box-wrap-3226\" class=\"aio-icon-box square_box-icon\" style=\"background-color:rgba(58,116,60,0.85);\"  ><div class=\"aio-icon-square_box\"><div class=\"ult-just-icon-wrapper  \"><div class=\"align-icon\" style=\"text-align:center;\">\n<div class=\"aio-icon circle \" data-animation=\"fadeInUp\" data-animation-delay=\"03\" style=\"color:#fdb315;background:#2e552f;font-size:32px;display:inline-block;\">\n\t<i class=\"Defaults-leaf\"><\/i>\n<\/div><\/div><\/div><\/div><div class=\"aio-icon-header\" ><h3 class=\"aio-icon-title ult-responsive\"  data-ultimate-target='#Info-box-wrap-3226 .aio-icon-title'  data-responsive-json-new='{\"font-size\":\"desktop:28px;\",\"line-height\":\"desktop:32px;\"}'  style=\"\">Medio Ambiente<\/h3><\/div> <!-- header --><div class=\"aio-icon-description ult-responsive\"  data-ultimate-target='#Info-box-wrap-3226 .aio-icon-description'  data-responsive-json-new='{\"font-size\":\"desktop:18px;\",\"line-height\":\"desktop:22px;\"}'  style=\"color:rgba(255,255,255,0.9);\"><\/p>\n<div id=\"text_cuerpo\" class=\"primerLetra\">\n<p style=\"text-align: justify;\">UNIPRO es una empresa responsable con el medio ambiente siempre en busca de incentivar a los productores a mejorar la pr\u00e1ctica de la agricultura, promovi\u00e9ndola nivelaci\u00f3n de los terrenos con sistemas laser as\u00ed como con cr\u00e9ditos refaccionarios y desarrollo de proyectos de tecnificaci\u00f3n de riego para mejorar la irrigaci\u00f3n de sus parcelas.<\/p>\n<p style=\"text-align: justify;\">Con el uso de la tecnolog\u00eda de pivotes y cintilla se optimiza el uso de agua en un 75% y 90% respectivamente al igual que se facilita la aplicaci\u00f3n de fertilizantes, se reduce el costo se facilita la aplicaci\u00f3n de fertilizantes, se reduce el costo de producci\u00f3n y se incrementa la productividad por hect\u00e1rea.<\/p>\n<\/div>\n<p><\/div> <!-- description --><\/div> <!-- aio-icon-box --><\/div> <!-- aio-icon-component -->[\/vc_column_inner][\/vc_row_inner][vc_row_inner css=&#8221;.vc_custom_1475347695332{background-color: rgba(255,255,255,0.7) !important;*background-color: rgb(255,255,255) !important;}&#8221;][vc_column_inner][vc_text_separator title=&#8221;Se ha trabajado intensamente en:&#8221; color=&#8221;white&#8221; border_width=&#8221;10&#8243;][vc_column_text]<\/p>\n<h3 style=\"text-align: center;\"><strong>Tecnificaci\u00f3n de Riego<\/strong><\/h3>\n<p>[\/vc_column_text][\/vc_column_inner][\/vc_row_inner][vc_row_inner][vc_column_inner width=&#8221;1\/3&#8243;]\n<div id=\"interactive-banner-1-wrap-6537\" class=\"ult-banner-block ult-adjust-bottom-margin ult-bb-none  banner-style01 \"   style=\"margin:15px;\">\n\t<img src=\"https:\/\/unipro.org.mx\/site\/wp-content\/uploads\/2016\/10\/medio-ambiente-pivotes-centrales.jpg\" alt=\"null\">\n\t<h3  data-ultimate-target='#interactive-banner-1-wrap-6537 .bb-top-title '  data-responsive-json-new='{\"font-size\":\"\",\"line-height\":\"\"}'  class=\"title-center bb-top-title ult-responsive\" style=\"font-weight:normal;background:#242424;color:#ffffff;\">Pivotes Centrales<\/h3>\n\t<div class=\"mask opaque-background\" style=\"background:rgba(36,36,36,0.01);\">\n\t\t<div  data-ultimate-target='#interactive-banner-1-wrap-6537 .bb-description'  data-responsive-json-new='{\"font-size\":\"\",\"line-height\":\"\"}'  class=\"bb-description ult-responsive\" style=\"font-weight:normal;color:#ffffff;\"><\/div>\n\t<\/div>\n<\/div>[\/vc_column_inner][vc_column_inner width=&#8221;1\/3&#8243;]\n<div id=\"interactive-banner-1-wrap-3803\" class=\"ult-banner-block ult-adjust-bottom-margin ult-bb-none  banner-style01 \"   style=\"margin:15px;\">\n\t<img src=\"https:\/\/unipro.org.mx\/site\/wp-content\/uploads\/2016\/10\/medio-ambiente01.jpg\" alt=\"null\">\n\t<h3  data-ultimate-target='#interactive-banner-1-wrap-3803 .bb-top-title '  data-responsive-json-new='{\"font-size\":\"\",\"line-height\":\"\"}'  class=\"title-center bb-top-title ult-responsive\" style=\"font-weight:normal;background:#242424;color:#ffffff;\">Pivotes Laterales<\/h3>\n\t<div class=\"mask opaque-background\" style=\"background:rgba(36,36,36,0.01);\">\n\t\t<div  data-ultimate-target='#interactive-banner-1-wrap-3803 .bb-description'  data-responsive-json-new='{\"font-size\":\"\",\"line-height\":\"\"}'  class=\"bb-description ult-responsive\" style=\"font-weight:normal;color:#ffffff;\"><\/div>\n\t<\/div>\n<\/div>[\/vc_column_inner][vc_column_inner width=&#8221;1\/3&#8243;]\n<div id=\"interactive-banner-1-wrap-5383\" class=\"ult-banner-block ult-adjust-bottom-margin ult-bb-none  banner-style01 \"   style=\"margin:15px;\">\n\t<img src=\"https:\/\/unipro.org.mx\/site\/wp-content\/uploads\/2016\/10\/medio-ambiente-cintilla.jpg\" alt=\"null\">\n\t<h3  data-ultimate-target='#interactive-banner-1-wrap-5383 .bb-top-title '  data-responsive-json-new='{\"font-size\":\"\",\"line-height\":\"\"}'  class=\"title-center bb-top-title ult-responsive\" style=\"font-weight:normal;background:#242424;color:#ffffff;\">Cintilla<\/h3>\n\t<div class=\"mask opaque-background\" style=\"background:rgba(36,36,36,0.01);\">\n\t\t<div  data-ultimate-target='#interactive-banner-1-wrap-5383 .bb-description'  data-responsive-json-new='{\"font-size\":\"\",\"line-height\":\"\"}'  class=\"bb-description ult-responsive\" style=\"font-weight:normal;color:#ffffff;\"><\/div>\n\t<\/div>\n<\/div>[\/vc_column_inner][\/vc_row_inner][vc_row_inner css=&#8221;.vc_custom_1475347695332{background-color: rgba(255,255,255,0.7) !important;*background-color: rgb(255,255,255) !important;}&#8221;][vc_column_inner][vc_column_text]Nivelaci\u00f3n L\u00e1ser de Terrenos Agr\u00edcolas[\/vc_column_text][\/vc_column_inner][\/vc_row_inner][vc_row_inner css=&#8221;.vc_custom_1475522617393{background-color: rgba(255,255,255,0.7) !important;*background-color: rgb(255,255,255) !important;}&#8221;][vc_column_inner width=&#8221;1\/2&#8243;][vc_single_image image=&#8221;107&#8243; img_size=&#8221;full&#8221; alignment=&#8221;center&#8221; lazy_loading=&#8221;true&#8221;][vc_column_text]<\/p>\n<ul>\n<li><strong>Eficiencia de riego del 75 % al 90% <\/strong><\/li>\n<li><strong>Facil aplicaci\u00f3n de fertilizantes por medio ferti-irrigaci\u00f3n<\/strong><\/li>\n<\/ul>\n<p>[\/vc_column_text][\/vc_column_inner][vc_column_inner width=&#8221;1\/2&#8243;][vc_single_image image=&#8221;106&#8243; img_size=&#8221;full&#8221; alignment=&#8221;center&#8221; lazy_loading=&#8221;true&#8221;][vc_column_text]<\/p>\n<ul>\n<li><strong>Reducion de costos <\/strong><\/li>\n<li><strong>Incremento de ton\/has<\/strong><\/li>\n<\/ul>\n<p>[\/vc_column_text][\/vc_column_inner][\/vc_row_inner][vc_row_inner css=&#8221;.vc_custom_1475522555755{background-color: rgba(255,255,255,0.7) !important;*background-color: rgb(255,255,255) !important;}&#8221;][vc_column_inner][vc_column_text]<\/p>\n<h3 style=\"text-align: center;\"><strong>Responsabilidad Social<\/strong><\/h3>\n<p>[\/vc_column_text][vc_column_text css=&#8221;.vc_custom_1475522796528{margin-right: 20px !important;margin-left: 20px !important;}&#8221;]<\/p>\n<p style=\"text-align: justify;\"><strong>UNIPRO<\/strong> es una empresa que sustenta su esencia en valores, entendiendo el impacto de sus decisiones y su responsabilidad, construimos relaciones solidad con nuestros asociados, clientes, proveedores, colaboradores y la comunidad.<\/p>\n<p>[\/vc_column_text][\/vc_column_inner][\/vc_row_inner][vc_row_inner][vc_column_inner width=&#8221;1\/2&#8243;]\n<div id=\"interactive-banner-1-wrap-5266\" class=\"ult-banner-block ult-adjust-bottom-margin ult-bb-none  banner-style01 \"   style=\"margin:15px;\">\n\t<img src=\"https:\/\/unipro.org.mx\/site\/wp-content\/uploads\/2016\/10\/medio-ambiente04.jpg\" alt=\"null\">\n\t<h3  data-ultimate-target='#interactive-banner-1-wrap-5266 .bb-top-title '  data-responsive-json-new='{\"font-size\":\"\",\"line-height\":\"\"}'  class=\"title-center bb-top-title ult-responsive\" style=\"font-weight:normal;background:#242424;color:#ffffff;\">Productores UNIPRO<\/h3>\n\t<div class=\"mask opaque-background\" style=\"background:rgba(36,36,36,0.01);\">\n\t\t<div  data-ultimate-target='#interactive-banner-1-wrap-5266 .bb-description'  data-responsive-json-new='{\"font-size\":\"\",\"line-height\":\"\"}'  class=\"bb-description ult-responsive\" style=\"font-weight:normal;color:#ffffff;\"><\/div>\n\t<\/div>\n<\/div>[\/vc_column_inner][vc_column_inner width=&#8221;1\/2&#8243;]\n<div id=\"interactive-banner-1-wrap-2049\" class=\"ult-banner-block ult-adjust-bottom-margin ult-bb-none  banner-style01 \"   style=\"margin:15px;\">\n\t<img src=\"https:\/\/unipro.org.mx\/site\/wp-content\/uploads\/2016\/10\/medio-ambiente03.jpg\" alt=\"null\">\n\t<h3  data-ultimate-target='#interactive-banner-1-wrap-2049 .bb-top-title '  data-responsive-json-new='{\"font-size\":\"\",\"line-height\":\"\"}'  class=\"title-center bb-top-title ult-responsive\" style=\"font-weight:normal;background:#242424;color:#ffffff;\">Visita de alumnos de la Universidad de CHAPINGO<\/h3>\n\t<div class=\"mask opaque-background\" style=\"background:rgba(36,36,36,0.01);\">\n\t\t<div  data-ultimate-target='#interactive-banner-1-wrap-2049 .bb-description'  data-responsive-json-new='{\"font-size\":\"\",\"line-height\":\"\"}'  class=\"bb-description ult-responsive\" style=\"font-weight:normal;color:#ffffff;\"><\/div>\n\t<\/div>\n<\/div>[\/vc_column_inner][\/vc_row_inner][vc_row_inner][vc_column_inner][vc_single_image image=&#8221;115&#8243; img_size=&#8221;full&#8221;][\/vc_column_inner][\/vc_row_inner][vc_row_inner css=&#8221;.vc_custom_1475525208871{margin-right: 20px !important;margin-left: 20px !important;background-color: rgba(255,255,255,0.7) !important;*background-color: rgb(255,255,255) !important;}&#8221;][vc_column_inner][vc_column_text]<\/p>\n<h3 style=\"text-align: justify;\">Usos del Ma\u00edz<\/h3>\n<p style=\"text-align: justify;\">El ma\u00edz se utiliza como fuente fundamental en la nutrici\u00f3n tanto de seres humanos como animales, es la planta con la mayor diversidad de usos, aplicaciones, formas y condiciones de producci\u00f3n. Es usado como base para la fabricaci\u00f3n de una gran cantidad de alimentos y productos farmac\u00e9uticos e industriales entre ellos el almid\u00f3n, papel, forrajes, levaduras, antibi\u00f3ticos, refrescos, caramelos, tintas, pegamentos, pl\u00e1sticos biodegradables, etanol, productos l\u00e1cteos, alcohol, aceite comestible, salsas y cosm\u00e9ticos entre muchos otros m\u00e1s.<\/p>\n<p style=\"text-align: center;\"><img decoding=\"async\" loading=\"lazy\" class=\"aligncenter wp-image-116 size-full\" src=\"https:\/\/unipro.org.mx\/site\/wp-content\/uploads\/2016\/10\/derivados.jpg\" alt=\"derivados\" width=\"1000\" height=\"381\" srcset=\"https:\/\/unipro.org.mx\/site\/wp-content\/uploads\/2016\/10\/derivados.jpg 1000w, https:\/\/unipro.org.mx\/site\/wp-content\/uploads\/2016\/10\/derivados-300x114.jpg 300w, https:\/\/unipro.org.mx\/site\/wp-content\/uploads\/2016\/10\/derivados-768x293.jpg 768w\" sizes=\"(max-width: 1000px) 100vw, 1000px\" \/><\/p>\n<p>[\/vc_column_text][\/vc_column_inner][\/vc_row_inner][\/vc_column][\/vc_row]<\/p>\n","protected":false},"excerpt":{"rendered":"<p>[vc_row type=&#8221;vc_default&#8221; full_width=&#8221;stretch_row_content_no_spaces&#8221; bg_type=&#8221;image&#8221; parallax_style=&#8221;vcpb-default&#8221; bg_image_new=&#8221;id^100|url^https:\/\/unipro.org.mx\/site\/wp-content\/uploads\/2016\/10\/medio-ambiente01.jpg|caption^null|alt^null|title^medio-ambiente01|description^null&#8221; bg_img_attach=&#8221;fixed&#8221;][vc_column][vc_row_inner][vc_column_inner width=&#8221;1\/2&#8243;][\/vc_column_inner][vc_column_inner width=&#8221;1\/2&#8243;][\/vc_column_inner][\/vc_row_inner][vc_row_inner css=&#8221;.vc_custom_1475347695332{background-color: rgba(255,255,255,0.7) !important;*background-color: rgb(255,255,255) !important;}&#8221;][vc_column_inner][vc_text_separator title=&#8221;Se ha trabajado intensamente en:&#8221; color=&#8221;white&#8221; border_width=&#8221;10&#8243;][vc_column_text] Tecnificaci\u00f3n de Riego [\/vc_column_text][\/vc_column_inner][\/vc_row_inner][vc_row_inner][vc_column_inner width=&#8221;1\/3&#8243;][\/vc_column_inner][vc_column_inner width=&#8221;1\/3&#8243;][\/vc_column_inner][vc_column_inner width=&#8221;1\/3&#8243;][\/vc_column_inner][\/vc_row_inner][vc_row_inner css=&#8221;.vc_custom_1475347695332{background-color: rgba(255,255,255,0.7) !important;*background-color: rgb(255,255,255) !important;}&#8221;][vc_column_inner][vc_column_text]Nivelaci\u00f3n L\u00e1ser de Terrenos Agr\u00edcolas[\/vc_column_text][\/vc_column_inner][\/vc_row_inner][vc_row_inner css=&#8221;.vc_custom_1475522617393{background-color: rgba(255,255,255,0.7) !important;*background-color: rgb(255,255,255) !important;}&#8221;][vc_column_inner width=&#8221;1\/2&#8243;][vc_single_image image=&#8221;107&#8243; img_size=&#8221;full&#8221; alignment=&#8221;center&#8221; lazy_loading=&#8221;true&#8221;][vc_column_text] Eficiencia de riego del 75 % al 90%&hellip;<\/p>\n","protected":false},"author":1,"featured_media":0,"parent":0,"menu_order":0,"comment_status":"closed","ping_status":"closed","template":"","meta":[],"_links":{"self":[{"href":"https:\/\/unipro.org.mx\/site\/index.php?rest_route=\/wp\/v2\/pages\/97"}],"collection":[{"href":"https:\/\/unipro.org.mx\/site\/index.php?rest_route=\/wp\/v2\/pages"}],"about":[{"href":"https:\/\/unipro.org.mx\/site\/index.php?rest_route=\/wp\/v2\/types\/page"}],"author":[{"embeddable":true,"href":"https:\/\/unipro.org.mx\/site\/index.php?rest_route=\/wp\/v2\/users\/1"}],"replies":[{"embeddable":true,"href":"https:\/\/unipro.org.mx\/site\/index.php?rest_route=%2Fwp%2Fv2%2Fcomments&post=97"}],"version-history":[{"count":12,"href":"https:\/\/unipro.org.mx\/site\/index.php?rest_route=\/wp\/v2\/pages\/97\/revisions"}],"predecessor-version":[{"id":99,"href":"https:\/\/unipro.org.mx\/site\/index.php?rest_route=\/wp\/v2\/pages\/97\/revisions\/99"}],"wp:attachment":[{"href":"https:\/\/unipro.org.mx\/site\/index.php?rest_route=%2Fwp%2Fv2%2Fmedia&parent=97"}],"curies":[{"name":"wp","href":"https:\/\/api.w.org\/{rel}","templated":true}]}}